{"id":9,"date":"2020-06-30T11:06:50","date_gmt":"2020-06-30T11:06:50","guid":{"rendered":"http:\/\/localhost\/centre_web_site\/mesmerize\/"},"modified":"2025-09-22T21:53:48","modified_gmt":"2025-09-22T21:53:48","slug":"mesmerize","status":"publish","type":"page","link":"https:\/\/iilps-guinea.com\/","title":{"rendered":"HOME"},"content":{"rendered":"<div  id=\"overlappable-1\" data-label=\"Overlappable\" data-id=\"overlappable-7-mc\" data-export-id=\"overlappable-7-mc\" data-category=\"overlappable\" class=\"overlappable-7-mc content-section content-section-spacing\" data-overlap=\"true\"><div  class=\"gridContainer\"> <div  data-type=\"row\" class=\"row shadow\"><div  class=\"col-xs-12 col-sm-6 col-md-3 col-padding-small col-padding-small-xs bg-color-white\"> <div  class=\"text-center\"><div  class=\"col-xs-12 col-sm-fit space-bottom-small-xs\" data-preview-empty=\"1\"> <\/div> <div  data-type=\"column\" class=\"col-xs-12 col-sm\"><img  class=\"custom-image\" src=\"https:\/\/localhost\/centre_web_site\/wp-content\/uploads\/2020\/06\/cropped-cropped-topic-1-2.jpg\" alt=\"\" title=\"cropped-cropped-topic-1-2.jpg\"> <img  class=\"custom-image\" src=\"https:\/\/iilps-guinea.com\/wp-content\/uploads\/2020\/06\/cropped-cropped-topic-1-2-1.jpg\" alt=\"\" title=\"cropped-cropped-topic-1-2-1.jpg\"><h4  class=\"\">Learning via ict<\/h4><\/div> <\/div><\/div> <div  class=\"col-xs-12 col-sm-6 col-md-3 col-padding-small col-padding-small-xs bg-color-white\"><div  class=\"text-center\"> <div  class=\"col-xs-12 col-sm-fit space-bottom-small-xs\" data-preview-empty=\"1\"><\/div> <div  data-type=\"column\" class=\"col-xs-12 col-sm\"><img  class=\"custom-image\" src=\"https:\/\/localhost\/centre_web_site\/wp-content\/uploads\/2020\/06\/cropped-623a3516727b792ca6f9de1370611084-2.jpg\" alt=\"\" title=\"cropped-623a3516727b792ca6f9de1370611084-2.jpg\"><img  class=\"custom-image\" src=\"https:\/\/iilps-guinea.com\/wp-content\/uploads\/2020\/06\/cropped-623a3516727b792ca6f9de1370611084-10.jpg\" alt=\"\" title=\"cropped-623a3516727b792ca6f9de1370611084-10.jpg\"><h4  class=\"\">Professional studies<\/h4> <\/div> <\/div><\/div> <div  class=\"col-xs-12 col-sm-6 col-md-3 col-padding-small col-padding-small-xs bg-color-white\"><div  class=\"text-center\"> <div  class=\"col-xs-12 col-sm-fit space-bottom-small-xs\" data-preview-empty=\"1\"><\/div> <div  data-type=\"column\" class=\"col-xs-12 col-sm\"><img  class=\"custom-image\" src=\"https:\/\/localhost\/centre_web_site\/wp-content\/uploads\/2020\/07\/cropped-22009337-3d-\u00e9tudiant-de-l-homme-et-livre-sur-fond-blanc.jpg\" alt=\"\" title=\"cropped-22009337-3d-\u00e9tudiant-de-l-homme-et-livre-sur-fond-blanc.jpg\"><img  class=\"custom-image\" src=\"https:\/\/iilps-guinea.com\/wp-content\/uploads\/2020\/07\/cropped-22009337-3d-\u00e9tudiant-de-l-homme-et-livre-sur-fond-blanc-4.jpg\" alt=\"\" title=\"cropped-22009337-3d-\u00e9tudiant-de-l-homme-et-livre-sur-fond-blanc-4.jpg\"><h4  class=\"\">Examination preparation<\/h4> <\/div> <\/div><\/div> <div  class=\"col-xs-12 col-sm-6 col-md-3 col-padding-small col-padding-small-xs bg-color-white\"><div  class=\"text-center\"> <div  class=\"col-xs-12 col-sm-fit space-bottom-small-xs\" data-preview-empty=\"1\"><\/div> <div  data-type=\"column\" class=\"col-xs-12 col-sm\"> <img  class=\"custom-image\" src=\"https:\/\/localhost\/centre_web_site\/wp-content\/uploads\/2020\/06\/cropped-cropped-topic-2.jpg\" alt=\"\" title=\"cropped-cropped-topic-2.jpg\"><img  class=\"custom-image\" src=\"https:\/\/iilps-guinea.com\/wp-content\/uploads\/2020\/06\/cropped-topic-2.jpg\" alt=\"\" title=\"cropped-topic-2\"><h4  class=\"\">Varied training<\/h4><\/div> <\/div><\/div> <\/div><\/div> <\/div><div  data-label=\"About\" data-id=\"about--1\" data-export-id=\"about-10\" data-category=\"about\" class=\"about-10 content-section content-section-spacing\" id=\"about-1\" style=\"background-color: rgb(245, 250, 253);\"><div  class=\"gridContainer\"> <div  class=\"row middle-sm text-center\"><div  class=\"col-sm-5 space-bottom-xs content-column\" data-type=\"column\"> <h5  class=\"\">OUR MISSION<\/h5> <h2  class=\"\" style=\"border-bottom-color: rgb(130, 100, 170);\">Enjoy the best <br ><span  style=\"font-family: Playfair Display,sans-serif; font-weight: 700; font-style: italic;\" href=\"#\">Why choose IILPS?<\/span>&nbsp;<\/h2> <p  class=\"\">IILPS is the reference center for language training because its well thought out pedagogy takes into account several aspects such as a quiet location accessible to all, a learning room for 12 students for each highly qualified teacher, an equipped practice laboratory, which promote your good understanding and give you more on the use of ICT tools.<\/p> <a class=\"button color1\" href=\"https:\/\/iilps-guinea.com\/wp-content\/uploads\/2020\/07\/Revised-prices-for-intensive-classes.docx\" target=\"_self\" data-cp-link=\"1\" rel=\"noopener noreferrer\">Get the information sheet<\/a><\/div> <div  class=\"col-sm-7 flexbox middle-xs center-xs space-bottom-xs\"><div  class=\"overlay-box middle-xs center-xs flexbox\"> <div  class=\"overlay-box-offset offset-border shadow-medium border-color1 hide-xs\"><\/div> <img  class=\"shadow-large\" data-size=\"485x705\" src=\"https:\/\/iilps-guinea.com\/wp-content\/uploads\/2020\/06\/Staff-at-IILPS-2.jpg\" alt=\"\" title=\"Staff at IILPS 2\"><\/div> <\/div><\/div> <\/div><\/div><div  data-label=\"Features\" data-id=\"features--1\" data-export-id=\"features-16\" data-category=\"features\" class=\"features-16 content-section content-section-spacing\" id=\"features-11\" style=\"background-color: rgb(255, 255, 255); background-image: none;\"><div  class=\"gridContainer\"> <div  class=\"row text-center\"><div  class=\"section-title-col\" data-type=\"column\"> <h2  class=\"\" style=\"border-bottom-color: rgb(130, 100, 170);\">Popular courses<\/h2> <p  class=\"lead\">We offer several training courses according to specific needs.<\/p><\/div> <\/div> <div  class=\"row spaced-cols content-center-sm\" data-type=\"row\"> <div  class=\"col-xs-12 col-sm-6 col-md-4 space-bottom\"> <img  class=\"face\" src=\"https:\/\/iilps-guinea.com\/wp-content\/uploads\/2020\/07\/Learners-in-class.jpg\" alt=\"\" title=\"Learners in class\"> <div  data-type=\"column\" class=\"col-padding-small col-padding-small-xs description-container\"> <h4  class=\"font-500\">English for specific purposes<\/h4> <p  class=\"\">Nursing, law, engineering, aviation, business english, english for occupational purposes, legal english, medical english, english for management and hospitality industry,tourism.<\/p> <a  class=\"read-more\">learn more<\/a><\/div> <\/div>  <div  class=\"col-xs-12 col-sm-6 col-md-4 space-bottom\"> <img  class=\"face\" src=\"https:\/\/iilps-guinea.com\/wp-content\/uploads\/2020\/07\/Lectures.jpg\" alt=\"\" title=\"Lectures\"> <div  data-type=\"column\" class=\"col-padding-small col-padding-small-xs description-container\"> <h4  class=\"font-500\">General english<\/h4> <p  class=\"\">Our general English courses are designed for people who want to improve fluency and accuracy in English. Some people who do these courses are learning for work, others for study or simply for personal interest.<\/p> <a  class=\"read-more\">learn more<\/a><\/div> <\/div><div  class=\"col-xs-12 col-sm-6 col-md-4 space-bottom\"> <img  class=\"face\" src=\"https:\/\/iilps-guinea.com\/wp-content\/uploads\/2020\/07\/IMG-20190307-WA0051.jpg\" alt=\"\" title=\"IMG-20190307-WA0051\"> <div  data-type=\"column\" class=\"col-padding-small col-padding-small-xs description-container\"> <h4  class=\"font-500\">Examination preparation<\/h4> <p  class=\"\">IELTS or International English Language Testing System, TOEFL and TOEIC assesses the English language proficiency of people who want to study or work where English is used as the language of communication.<\/p> <a  class=\"read-more\">learn more<\/a><\/div> <\/div><\/div> <\/div><\/div><div  id=\"latest-news-1\" style=\"background-color: rgb(255, 255, 255); background-image: none;\" data-label=\"Latest-news\" data-id=\"blog-section\" data-export-id=\"blog-section\" data-category=\"latest_news\" class=\"blog-section blog-section-standard content-section content-section-spacing\"><div  class=\"gridContainer\"> <div  class=\"row\"><div  data-type=\"column\" class=\"section-title-col\"> <h2  class=\"\" style=\"border-bottom-color: rgb(130, 100, 170);\">Latest News<\/h2> <p  class=\"lead\">We regularly organize graduation ceremonies. Stay tuned.<\/p><\/div> <\/div> <div  class=\"row\"> <div  data-type=\"row\" data-dynamic-columns=\"handled\" data-content-shortcode=\"mesmerize_latest_news\">        <div class=\"row center-sm content-left-sm\">\n                    <div id=\"post-339\" class=\"col-sm-6 col-md-4 space-bottom space-bottom-xs\">\n                <div class=\"post-content card y-move bordered\">\n                        <div class=\"post-thumbnail\">\n        <a href=\"https:\/\/iilps-guinea.com\/?p=339&#038;lang=fr\" class=\"post-list-item-thumb \">\n            <img width=\"1024\" height=\"768\" src=\"https:\/\/iilps-guinea.com\/wp-content\/uploads\/2020\/06\/Staff-at-IILPS-2-1024x768.jpg\" class=\"attachment-post-thumbnail size-post-thumbnail wp-post-image\" alt=\"\" loading=\"lazy\" srcset=\"https:\/\/iilps-guinea.com\/wp-content\/uploads\/2020\/06\/Staff-at-IILPS-2-1024x768.jpg 1024w, https:\/\/iilps-guinea.com\/wp-content\/uploads\/2020\/06\/Staff-at-IILPS-2-300x225.jpg 300w, https:\/\/iilps-guinea.com\/wp-content\/uploads\/2020\/06\/Staff-at-IILPS-2-768x576.jpg 768w, https:\/\/iilps-guinea.com\/wp-content\/uploads\/2020\/06\/Staff-at-IILPS-2.jpg 1080w\" sizes=\"(max-width: 1024px) 100vw, 1024px\" \/>        <\/a>\n    <\/div>\n                        <div class=\"col-padding col-padding-xs\">\n                        <h3 class=\"post-title space-bottom-small\">\n                            <a href=\"https:\/\/iilps-guinea.com\/?p=339&lang=fr\" rel=\"bookmark\">\n                                Visite du directeur de ETS Global                            <\/a>\n                        <\/h3>\n                        <p>Visite du directeur mondial d&#8217;ETS Visite du directeur mondial d&#8217;ETS IILPS re\u00e7oit l&#8217;appel de courtoisie de son partenaire ETS Global. Cette visite vous permettra de mettre en place les bonnes[&hellip;]<\/p>\n                        <a class=\"read-more link\" href=\"https:\/\/iilps-guinea.com\/?p=339&lang=fr\">\n                            Read more                        <\/a>\n                    <\/div>\n                <\/div>\n            <\/div>\n                    <div id=\"post-336\" class=\"col-sm-6 col-md-4 space-bottom space-bottom-xs\">\n                <div class=\"post-content card y-move bordered\">\n                        <div class=\"post-thumbnail\">\n        <a href=\"https:\/\/iilps-guinea.com\/?p=336&#038;lang=fr\" class=\"post-list-item-thumb \">\n            <img width=\"1008\" height=\"756\" src=\"https:\/\/iilps-guinea.com\/wp-content\/uploads\/2020\/06\/Handing-of-certificate-2.jpg\" class=\"attachment-post-thumbnail size-post-thumbnail wp-post-image\" alt=\"\" loading=\"lazy\" srcset=\"https:\/\/iilps-guinea.com\/wp-content\/uploads\/2020\/06\/Handing-of-certificate-2.jpg 1008w, https:\/\/iilps-guinea.com\/wp-content\/uploads\/2020\/06\/Handing-of-certificate-2-300x225.jpg 300w, https:\/\/iilps-guinea.com\/wp-content\/uploads\/2020\/06\/Handing-of-certificate-2-768x576.jpg 768w\" sizes=\"(max-width: 1008px) 100vw, 1008px\" \/>        <\/a>\n    <\/div>\n                        <div class=\"col-padding col-padding-xs\">\n                        <h3 class=\"post-title space-bottom-small\">\n                            <a href=\"https:\/\/iilps-guinea.com\/?p=336&lang=fr\" rel=\"bookmark\">\n                                Remise de Dipl\u00f4me                            <\/a>\n                        <\/h3>\n                        <p>La remise de dipl\u00f4me pour les apprenants au cours de pr\u00e9paration au TOEFL est pr\u00e9vue pour le 17\/04\/2020. Votre pr\u00e9sence est vivement attendue.<\/p>\n                        <a class=\"read-more link\" href=\"https:\/\/iilps-guinea.com\/?p=336&lang=fr\">\n                            Read more                        <\/a>\n                    <\/div>\n                <\/div>\n            <\/div>\n                    <div id=\"post-333\" class=\"col-sm-6 col-md-4 space-bottom space-bottom-xs\">\n                <div class=\"post-content card y-move bordered\">\n                        <div class=\"post-thumbnail\">\n        <a href=\"https:\/\/iilps-guinea.com\/?p=333&#038;lang=fr\" class=\"post-list-item-thumb \">\n            <img width=\"373\" height=\"406\" src=\"https:\/\/iilps-guinea.com\/wp-content\/uploads\/2020\/06\/Capture.png\" class=\"attachment-post-thumbnail size-post-thumbnail wp-post-image\" alt=\"\" loading=\"lazy\" srcset=\"https:\/\/iilps-guinea.com\/wp-content\/uploads\/2020\/06\/Capture.png 373w, https:\/\/iilps-guinea.com\/wp-content\/uploads\/2020\/06\/Capture-276x300.png 276w\" sizes=\"(max-width: 373px) 100vw, 373px\" \/>        <\/a>\n    <\/div>\n                        <div class=\"col-padding col-padding-xs\">\n                        <h3 class=\"post-title space-bottom-small\">\n                            <a href=\"https:\/\/iilps-guinea.com\/?p=333&lang=fr\" rel=\"bookmark\">\n                                Apprenez l&#8217;anglais en ligne                            <\/a>\n                        <\/h3>\n                        <p>Chers apprenants, Le Covid19 nous a emp\u00each\u00e9 de poursuivre nos cours en face \u00e0 face pour le moment. Toutes les classes sont donc pass\u00e9es en ligne. Prendre parti[\u2026]<\/p>\n                        <a class=\"read-more link\" href=\"https:\/\/iilps-guinea.com\/?p=333&lang=fr\">\n                            Read more                        <\/a>\n                    <\/div>\n                <\/div>\n            <\/div>\n            <\/div>\n    <\/div><\/div> <div  class=\"row\"><div  class=\"text-center\"> <a  class=\"button color1\" data-attr-shortcode=\"href:mesmerize_blog_link\" href=\"https:\/\/iilps-guinea.com\/?post_type=post\">See more<\/a><\/div> <\/div><\/div><\/div><div  data-label=\"Content\" data-id=\"content--1\" data-export-id=\"content-12\" data-category=\"content\" class=\"content-12 content-section content-section-spacing\" id=\"content-1\" style=\"background-color: rgb(245, 250, 253);\"><div  class=\"gridContainer\"> <div  class=\"row text-center\"><div  class=\"section-title-col\" data-type=\"column\"> <h2  class=\"\" style=\"border-bottom-color: rgb(130, 100, 170);\">Portfolio<\/h2> <p  class=\"\"><span  style=\"color: rgb(68, 68, 68); font-family: -apple-system, BlinkMacSystemFont, &quot;Segoe UI&quot;, Roboto, Oxygen-Sans, Ubuntu, Cantarell, &quot;Helvetica Neue&quot;, sans-serif; font-size: 13px; text-align: left; background-color: rgb(255, 255, 255);\">&nbsp;<\/span><\/p>\n\n\n\n\n\n\n\n\n\n\n\n<\/div> <\/div> <div  class=\"row center-xs middle-xs\"> <div  class=\"col-sm-9\" data-type=\"column\"> <\/div> <\/div><\/div> <\/div><div  id=\"contact-1\" data-label=\"Contact\" data-id=\"contact-1\" data-export-id=\"contact-1\" data-category=\"contact\" class=\"contact-1 content-section content-section-spacing white-text\" data-parallax-depth=\"20\"><div  class=\"gridContainer\"> <div  class=\"row text-center\"><div  class=\"section-title-col\" data-type=\"column\"> <h2  class=\"\" style=\"border-bottom-color: rgb(130, 100, 170);\">Newsletter<\/h2> <p  class=\"lead\">Subscribe to our newsletters to benefit from all the news from our training center.<\/p><\/div> <\/div> <div  class=\"row text-center\"> <div  class=\"col-xs-12 col-sm-8 col-sm-offset-2 contact-form-wrapper inline-info\"> <div  class=\"card large-padding\"> <div  class=\"\" data-content-shortcode=\"mesmerize_contact_form shortcode=&quot;contact-form-7 id=&amp;amp;quot;108&amp;amp;quot; title=&amp;amp;quot;Contact form 1&amp;amp;quot;&quot;\" data-editable=\"true\"><div role=\"form\" class=\"wpcf7\" id=\"wpcf7-f108-o1\" lang=\"en-US\" dir=\"ltr\">\n<div class=\"screen-reader-response\"><p role=\"status\" aria-live=\"polite\" aria-atomic=\"true\"><\/p> <ul><\/ul><\/div>\n<form action=\"\/index.php?rest_route=%2Fwp%2Fv2%2Fpages%2F9#wpcf7-f108-o1\" method=\"post\" class=\"wpcf7-form init\" novalidate=\"novalidate\" data-status=\"init\">\n<div style=\"display: none;\">\n<input type=\"hidden\" name=\"_wpcf7\" value=\"108\" \/>\n<input type=\"hidden\" name=\"_wpcf7_version\" value=\"5.3.1\" \/>\n<input type=\"hidden\" name=\"_wpcf7_locale\" value=\"en_US\" \/>\n<input type=\"hidden\" name=\"_wpcf7_unit_tag\" value=\"wpcf7-f108-o1\" \/>\n<input type=\"hidden\" name=\"_wpcf7_container_post\" value=\"0\" \/>\n<input type=\"hidden\" name=\"_wpcf7_posted_data_hash\" value=\"\" \/>\n<\/div>\n<p><center><br \/>\n    <span class=\"wpcf7-form-control-wrap your-email\"><input type=\"email\" name=\"your-email\" value=\"\" size=\"40\" class=\"wpcf7-form-control wpcf7-text wpcf7-email wpcf7-validates-as-required wpcf7-validates-as-email\" aria-required=\"true\" aria-invalid=\"false\" \/><\/span> <\/label><br \/>\n<input type=\"submit\" value=\"Send\" class=\"wpcf7-form-control wpcf7-submit\" \/> <\/center><\/p>\n<div class=\"wpcf7-response-output\" aria-hidden=\"true\"><\/div><\/form><\/div><\/div><\/div> <\/div><\/div> <\/div><\/div>","protected":false},"excerpt":{"rendered":"<p>Learning via ict Professional studies Examination preparation Varied training OUR MISSION Enjoy the best Why choose IILPS?&nbsp; IILPS is the reference center for language training because its well thought out pedagogy takes into account several aspects such as a quiet location accessible to all, a learning room for 12 students for each highly qualified teacher,&hellip; <br \/> <a class=\"read-more\" href=\"https:\/\/iilps-guinea.com\/?p=333&#038;lang=fr\">Read more<\/a><\/p>\n","protected":false},"author":1,"featured_media":0,"parent":0,"menu_order":0,"comment_status":"closed","ping_status":"closed","template":"page-templates\/homepage.php","meta":{"spay_email":""},"yoast_head":"<!-- This site is optimized with the Yoast SEO plugin v15.4 - https:\/\/yoast.com\/wordpress\/plugins\/seo\/ -->\n<title>HOME - IILPS<\/title>\n<meta name=\"robots\" content=\"index, follow, max-snippet:-1, max-image-preview:large, max-video-preview:-1\" \/>\n<link rel=\"canonical\" href=\"https:\/\/iilps-guinea.com\/\" \/>\n<meta property=\"og:locale\" content=\"en_US\" \/>\n<meta property=\"og:type\" content=\"article\" \/>\n<meta property=\"og:title\" content=\"HOME - IILPS\" \/>\n<meta property=\"og:description\" content=\"Learning via ict Professional studies Examination preparation Varied training OUR MISSION Enjoy the best Why choose IILPS?&nbsp; IILPS is the reference center for language training because its well thought out pedagogy takes into account several aspects such as a quiet location accessible to all, a learning room for 12 students for each highly qualified teacher,&hellip; Read more\" \/>\n<meta property=\"og:url\" content=\"https:\/\/iilps-guinea.com\/\" \/>\n<meta property=\"og:site_name\" content=\"IILPS\" \/>\n<meta property=\"article:modified_time\" content=\"2025-09-22T21:53:48+00:00\" \/>\n<meta property=\"og:image\" content=\"https:\/\/localhost\/centre_web_site\/wp-content\/uploads\/2020\/06\/cropped-cropped-topic-1-2.jpg\" \/>\n<meta name=\"twitter:card\" content=\"summary_large_image\" \/>\n<meta name=\"twitter:label1\" content=\"Written by\">\n\t<meta name=\"twitter:data1\" content=\"Dev\">\n\t<meta name=\"twitter:label2\" content=\"Est. reading time\">\n\t<meta name=\"twitter:data2\" content=\"1 minute\">\n<script type=\"application\/ld+json\" class=\"yoast-schema-graph\">{\"@context\":\"https:\/\/schema.org\",\"@graph\":[{\"@type\":\"WebSite\",\"@id\":\"https:\/\/iilps-guinea.com\/#website\",\"url\":\"https:\/\/iilps-guinea.com\/\",\"name\":\"IILPS\",\"description\":\"Learning to day... Leading tomorrow\",\"potentialAction\":[{\"@type\":\"SearchAction\",\"target\":\"https:\/\/iilps-guinea.com\/?s={search_term_string}\",\"query-input\":\"required name=search_term_string\"}],\"inLanguage\":\"en-US\"},{\"@type\":\"ImageObject\",\"@id\":\"https:\/\/iilps-guinea.com\/#primaryimage\",\"inLanguage\":\"en-US\",\"url\":\"https:\/\/localhost\/centre_web_site\/wp-content\/uploads\/2020\/06\/cropped-cropped-topic-1-2.jpg\"},{\"@type\":\"WebPage\",\"@id\":\"https:\/\/iilps-guinea.com\/#webpage\",\"url\":\"https:\/\/iilps-guinea.com\/\",\"name\":\"HOME - IILPS\",\"isPartOf\":{\"@id\":\"https:\/\/iilps-guinea.com\/#website\"},\"primaryImageOfPage\":{\"@id\":\"https:\/\/iilps-guinea.com\/#primaryimage\"},\"datePublished\":\"2020-06-30T11:06:50+00:00\",\"dateModified\":\"2025-09-22T21:53:48+00:00\",\"inLanguage\":\"en-US\",\"potentialAction\":[{\"@type\":\"ReadAction\",\"target\":[\"https:\/\/iilps-guinea.com\/\"]}]}]}<\/script>\n<!-- \/ Yoast SEO plugin. -->","_links":{"self":[{"href":"https:\/\/iilps-guinea.com\/index.php?rest_route=\/wp\/v2\/pages\/9"}],"collection":[{"href":"https:\/\/iilps-guinea.com\/index.php?rest_route=\/wp\/v2\/pages"}],"about":[{"href":"https:\/\/iilps-guinea.com\/index.php?rest_route=\/wp\/v2\/types\/page"}],"author":[{"embeddable":true,"href":"https:\/\/iilps-guinea.com\/index.php?rest_route=\/wp\/v2\/users\/1"}],"replies":[{"embeddable":true,"href":"https:\/\/iilps-guinea.com\/index.php?rest_route=%2Fwp%2Fv2%2Fcomments&post=9"}],"version-history":[{"count":50,"href":"https:\/\/iilps-guinea.com\/index.php?rest_route=\/wp\/v2\/pages\/9\/revisions"}],"predecessor-version":[{"id":535,"href":"https:\/\/iilps-guinea.com\/index.php?rest_route=\/wp\/v2\/pages\/9\/revisions\/535"}],"wp:attachment":[{"href":"https:\/\/iilps-guinea.com\/index.php?rest_route=%2Fwp%2Fv2%2Fmedia&parent=9"}],"curies":[{"name":"wp","href":"https:\/\/api.w.org\/{rel}","templated":true}]}}