{"id":311,"date":"2020-07-01T09:05:27","date_gmt":"2020-07-01T09:05:27","guid":{"rendered":"http:\/\/localhost\/centre_web_site\/?page_id=311"},"modified":"2020-07-01T09:07:15","modified_gmt":"2020-07-01T09:07:15","slug":"partenaires","status":"publish","type":"page","link":"https:\/\/iilps-guinea.com\/?page_id=311&lang=fr","title":{"rendered":"Partenaires"},"content":{"rendered":"\t\t<div data-elementor-type=\"wp-page\" data-elementor-id=\"311\" class=\"elementor elementor-311\" data-elementor-settings=\"[]\">\n\t\t\t\t\t\t<div class=\"elementor-inner\">\n\t\t\t\t\t\t\t<div class=\"elementor-section-wrap\">\n\t\t\t\t\t\t\t<section class=\"elementor-section elementor-top-section elementor-element elementor-element-9ec61f3 elementor-section-boxed elementor-section-height-default elementor-section-height-default\" data-id=\"9ec61f3\" data-element_type=\"section\">\n\t\t\t\t\t\t<div class=\"elementor-container elementor-column-gap-default\">\n\t\t\t\t\t\t\t<div class=\"elementor-row\">\n\t\t\t\t\t<div class=\"elementor-column elementor-col-100 elementor-top-column elementor-element elementor-element-9873b2d\" data-id=\"9873b2d\" data-element_type=\"column\">\n\t\t\t<div class=\"elementor-column-wrap elementor-element-populated\">\n\t\t\t\t\t\t\t<div class=\"elementor-widget-wrap\">\n\t\t\t\t\t\t<div class=\"elementor-element elementor-element-685788d elementor-widget elementor-widget-heading\" data-id=\"685788d\" data-element_type=\"widget\" data-widget_type=\"heading.default\">\n\t\t\t\t<div class=\"elementor-widget-container\">\n\t\t\t<h2 class=\"elementor-heading-title elementor-size-default\"><span style=\"font-size: 26px;\">ETS GLOBAL<\/span><\/h2>\t\t<\/div>\n\t\t\t\t<\/div>\n\t\t\t\t\t\t<\/div>\n\t\t\t\t\t<\/div>\n\t\t<\/div>\n\t\t\t\t\t\t\t\t<\/div>\n\t\t\t\t\t<\/div>\n\t\t<\/section>\n\t\t\t\t<section class=\"elementor-section elementor-top-section elementor-element elementor-element-00fe03e elementor-section-boxed elementor-section-height-default elementor-section-height-default\" data-id=\"00fe03e\" data-element_type=\"section\">\n\t\t\t\t\t\t<div class=\"elementor-container elementor-column-gap-default\">\n\t\t\t\t\t\t\t<div class=\"elementor-row\">\n\t\t\t\t\t<div class=\"elementor-column elementor-col-66 elementor-top-column elementor-element elementor-element-21e6029\" data-id=\"21e6029\" data-element_type=\"column\">\n\t\t\t<div class=\"elementor-column-wrap elementor-element-populated\">\n\t\t\t\t\t\t\t<div class=\"elementor-widget-wrap\">\n\t\t\t\t\t\t<div class=\"elementor-element elementor-element-3786a20 elementor-widget elementor-widget-text-editor\" data-id=\"3786a20\" data-element_type=\"widget\" data-widget_type=\"text-editor.default\">\n\t\t\t\t<div class=\"elementor-widget-container\">\n\t\t\t\t\t<div class=\"elementor-text-editor elementor-clearfix\"><p>Educational Testing Service (ETS) est une organisation \u00e0 but non lucratif dont les \u00e9quipes sont passionn\u00e9es par leur mission d\u2019am\u00e9liorer l\u2019acc\u00e8s \u00e0 une \u00e9ducation \u00e9quitable et de qualit\u00e9 dans le monde entier car elles croient au pouvoir de l\u2019apprentissage.<\/p><p>Les \u00e9quipes ETS s\u2019efforcent de fournir des solutions d\u2019apprentissage innovantes et significatives pour \u00e9tendre les opportunit\u00e9s d\u2019apprentissage et d\u2019enseignement, \u00e9tendre les opportunit\u00e9s \u00e9ducatives et \u00e9clairer les politiques.<\/p><p>Chez ETS Global B.V., nous apportons notre expertise aux communaut\u00e9s \u00e9ducatives et professionnelles du monde entier, y compris les entreprises, les \u00e9coles de langues, les \u00e9tablissements universitaires et les autorit\u00e9s publiques. ETS Global est pr\u00e9sent dans 80 pays en Europe, en Asie, au Moyen-Orient et en Afrique, o\u00f9 il propose une gamme de produits, de services et de solutions d\u2019apprentissage, y compris les tests d\u2019anglais TOEIC \u00ae et TOEFL\u00ae, mais aussi des \u00e9valuations, formations et conseils standardis\u00e9s.<\/p><p>ETS Global B.V. propose une large gamme d\u2019\u00e9valuations linguistiques telles que les tests TOEIC\u00ae, TOEFL\u00ae ou TFI \u2122, ainsi que des tests standardis\u00e9s, des outils de pr\u00e9paration et des solutions \u00e9ducatives pour les non-anglophones.<\/p><p>ETS Global, dont le si\u00e8ge est \u00e0 Amsterdam, aux Pays-Bas, poss\u00e8de des filiales en France, Pologne, Turquie, Jordanie, Cor\u00e9e, Chine.<\/p><\/div>\n\t\t\t\t<\/div>\n\t\t\t\t<\/div>\n\t\t\t\t\t\t<\/div>\n\t\t\t\t\t<\/div>\n\t\t<\/div>\n\t\t\t\t<div class=\"elementor-column elementor-col-33 elementor-top-column elementor-element elementor-element-14be106\" data-id=\"14be106\" data-element_type=\"column\">\n\t\t\t<div class=\"elementor-column-wrap elementor-element-populated\">\n\t\t\t\t\t\t\t<div class=\"elementor-widget-wrap\">\n\t\t\t\t\t\t<div class=\"elementor-element elementor-element-f04a63a elementor-widget elementor-widget-image\" data-id=\"f04a63a\" data-element_type=\"widget\" data-widget_type=\"image.default\">\n\t\t\t\t<div class=\"elementor-widget-container\">\n\t\t\t\t\t<div class=\"elementor-image\">\n\t\t\t\t\t\t\t\t\t\t<img width=\"300\" height=\"213\" src=\"https:\/\/iilps-guinea.com\/wp-content\/uploads\/2020\/06\/attestation-ets-global-300x213-1.jpg\" class=\"attachment-large size-large\" alt=\"\" loading=\"lazy\" \/>\t\t\t\t\t\t\t\t\t\t\t<\/div>\n\t\t\t\t<\/div>\n\t\t\t\t<\/div>\n\t\t\t\t\t\t<\/div>\n\t\t\t\t\t<\/div>\n\t\t<\/div>\n\t\t\t\t\t\t\t\t<\/div>\n\t\t\t\t\t<\/div>\n\t\t<\/section>\n\t\t\t\t\t\t<\/div>\n\t\t\t\t\t\t<\/div>\n\t\t\t\t\t<\/div>\n\t\t","protected":false},"excerpt":{"rendered":"<p>ETS GLOBAL Educational Testing Service (ETS) est une organisation \u00e0 but non lucratif dont les \u00e9quipes sont passionn\u00e9es par leur mission d\u2019am\u00e9liorer l\u2019acc\u00e8s \u00e0 une \u00e9ducation \u00e9quitable et de qualit\u00e9 dans le monde entier car elles croient au pouvoir de l\u2019apprentissage. Les \u00e9quipes ETS s\u2019efforcent de fournir des solutions d\u2019apprentissage innovantes et significatives pour \u00e9tendre&hellip; <br \/> <a class=\"read-more\" href=\"https:\/\/iilps-guinea.com\/?page_id=311&#038;lang=fr\">Read more<\/a><\/p>\n","protected":false},"author":1,"featured_media":0,"parent":0,"menu_order":0,"comment_status":"closed","ping_status":"closed","template":"","meta":{"spay_email":""},"yoast_head":"<!-- This site is optimized with the Yoast SEO plugin v15.4 - https:\/\/yoast.com\/wordpress\/plugins\/seo\/ -->\n<title>Partenaires - IILPS<\/title>\n<meta name=\"robots\" content=\"index, follow, max-snippet:-1, max-image-preview:large, max-video-preview:-1\" \/>\n<link rel=\"canonical\" href=\"https:\/\/iilps-guinea.com\/?page_id=311&#038;lang=fr\" \/>\n<meta property=\"og:locale\" content=\"en_US\" \/>\n<meta property=\"og:type\" content=\"article\" \/>\n<meta property=\"og:title\" content=\"Partenaires - IILPS\" \/>\n<meta property=\"og:description\" content=\"ETS GLOBAL Educational Testing Service (ETS) est une organisation \u00e0 but non lucratif dont les \u00e9quipes sont passionn\u00e9es par leur mission d\u2019am\u00e9liorer l\u2019acc\u00e8s \u00e0 une \u00e9ducation \u00e9quitable et de qualit\u00e9 dans le monde entier car elles croient au pouvoir de l\u2019apprentissage. Les \u00e9quipes ETS s\u2019efforcent de fournir des solutions d\u2019apprentissage innovantes et significatives pour \u00e9tendre&hellip; Read more\" \/>\n<meta property=\"og:url\" content=\"https:\/\/iilps-guinea.com\/?page_id=311&amp;lang=fr\" \/>\n<meta property=\"og:site_name\" content=\"IILPS\" \/>\n<meta property=\"article:modified_time\" content=\"2020-07-01T09:07:15+00:00\" \/>\n<meta property=\"og:image\" content=\"http:\/\/localhost\/centre_web_site\/wp-content\/uploads\/2020\/06\/attestation-ets-global-300x213-1.jpg\" \/>\n<meta name=\"twitter:card\" content=\"summary_large_image\" \/>\n<meta name=\"twitter:label1\" content=\"Written by\">\n\t<meta name=\"twitter:data1\" content=\"Dev\">\n\t<meta name=\"twitter:label2\" content=\"Est. reading time\">\n\t<meta name=\"twitter:data2\" content=\"1 minute\">\n<script type=\"application\/ld+json\" class=\"yoast-schema-graph\">{\"@context\":\"https:\/\/schema.org\",\"@graph\":[{\"@type\":\"WebSite\",\"@id\":\"https:\/\/iilps-guinea.com\/#website\",\"url\":\"https:\/\/iilps-guinea.com\/\",\"name\":\"IILPS\",\"description\":\"Learning to day... Leading tomorrow\",\"potentialAction\":[{\"@type\":\"SearchAction\",\"target\":\"https:\/\/iilps-guinea.com\/?s={search_term_string}\",\"query-input\":\"required name=search_term_string\"}],\"inLanguage\":\"en-US\"},{\"@type\":\"ImageObject\",\"@id\":\"https:\/\/iilps-guinea.com\/?page_id=311&lang=fr#primaryimage\",\"inLanguage\":\"en-US\",\"url\":\"http:\/\/localhost\/centre_web_site\/wp-content\/uploads\/2020\/06\/attestation-ets-global-300x213-1.jpg\"},{\"@type\":\"WebPage\",\"@id\":\"https:\/\/iilps-guinea.com\/?page_id=311&lang=fr#webpage\",\"url\":\"https:\/\/iilps-guinea.com\/?page_id=311&lang=fr\",\"name\":\"Partenaires - IILPS\",\"isPartOf\":{\"@id\":\"https:\/\/iilps-guinea.com\/#website\"},\"primaryImageOfPage\":{\"@id\":\"https:\/\/iilps-guinea.com\/?page_id=311&lang=fr#primaryimage\"},\"datePublished\":\"2020-07-01T09:05:27+00:00\",\"dateModified\":\"2020-07-01T09:07:15+00:00\",\"inLanguage\":\"en-US\",\"potentialAction\":[{\"@type\":\"ReadAction\",\"target\":[\"https:\/\/iilps-guinea.com\/?page_id=311&lang=fr\"]}]}]}<\/script>\n<!-- \/ Yoast SEO plugin. -->","_links":{"self":[{"href":"https:\/\/iilps-guinea.com\/index.php?rest_route=\/wp\/v2\/pages\/311"}],"collection":[{"href":"https:\/\/iilps-guinea.com\/index.php?rest_route=\/wp\/v2\/pages"}],"about":[{"href":"https:\/\/iilps-guinea.com\/index.php?rest_route=\/wp\/v2\/types\/page"}],"author":[{"embeddable":true,"href":"https:\/\/iilps-guinea.com\/index.php?rest_route=\/wp\/v2\/users\/1"}],"replies":[{"embeddable":true,"href":"https:\/\/iilps-guinea.com\/index.php?rest_route=%2Fwp%2Fv2%2Fcomments&post=311"}],"version-history":[{"count":2,"href":"https:\/\/iilps-guinea.com\/index.php?rest_route=\/wp\/v2\/pages\/311\/revisions"}],"predecessor-version":[{"id":313,"href":"https:\/\/iilps-guinea.com\/index.php?rest_route=\/wp\/v2\/pages\/311\/revisions\/313"}],"wp:attachment":[{"href":"https:\/\/iilps-guinea.com\/index.php?rest_route=%2Fwp%2Fv2%2Fmedia&parent=311"}],"curies":[{"name":"wp","href":"https:\/\/api.w.org\/{rel}","templated":true}]}}