{"id":297,"date":"2020-07-01T08:08:26","date_gmt":"2020-07-01T08:08:26","guid":{"rendered":"http:\/\/localhost\/centre_web_site\/?page_id=297"},"modified":"2020-07-06T02:37:26","modified_gmt":"2020-07-06T02:37:26","slug":"qui-sommes-nous","status":"publish","type":"page","link":"https:\/\/iilps-guinea.com\/?page_id=297&lang=fr","title":{"rendered":"Qui sommes-nous"},"content":{"rendered":"\t\t<div data-elementor-type=\"wp-page\" data-elementor-id=\"297\" class=\"elementor elementor-297\" data-elementor-settings=\"[]\">\n\t\t\t\t\t\t<div class=\"elementor-inner\">\n\t\t\t\t\t\t\t<div class=\"elementor-section-wrap\">\n\t\t\t\t\t\t\t<section class=\"elementor-section elementor-top-section elementor-element elementor-element-eab5763 elementor-section-boxed elementor-section-height-default elementor-section-height-default\" data-id=\"eab5763\" data-element_type=\"section\">\n\t\t\t\t\t\t<div class=\"elementor-container elementor-column-gap-default\">\n\t\t\t\t\t\t\t<div class=\"elementor-row\">\n\t\t\t\t\t<div class=\"elementor-column elementor-col-100 elementor-top-column elementor-element elementor-element-e385764\" data-id=\"e385764\" data-element_type=\"column\">\n\t\t\t<div class=\"elementor-column-wrap elementor-element-populated\">\n\t\t\t\t\t\t\t<div class=\"elementor-widget-wrap\">\n\t\t\t\t\t\t<div class=\"elementor-element elementor-element-9dee532 elementor-widget elementor-widget-heading\" data-id=\"9dee532\" data-element_type=\"widget\" data-widget_type=\"heading.default\">\n\t\t\t\t<div class=\"elementor-widget-container\">\n\t\t\t<h2 class=\"elementor-heading-title elementor-size-default\">MISSION ET OBJECTIFS<\/h2>\t\t<\/div>\n\t\t\t\t<\/div>\n\t\t\t\t\t\t<\/div>\n\t\t\t\t\t<\/div>\n\t\t<\/div>\n\t\t\t\t\t\t\t\t<\/div>\n\t\t\t\t\t<\/div>\n\t\t<\/section>\n\t\t\t\t<section class=\"elementor-section elementor-top-section elementor-element elementor-element-eb11dd8 elementor-section-boxed elementor-section-height-default elementor-section-height-default\" data-id=\"eb11dd8\" data-element_type=\"section\">\n\t\t\t\t\t\t<div class=\"elementor-container elementor-column-gap-default\">\n\t\t\t\t\t\t\t<div class=\"elementor-row\">\n\t\t\t\t\t<div class=\"elementor-column elementor-col-66 elementor-top-column elementor-element elementor-element-c5582d3\" data-id=\"c5582d3\" data-element_type=\"column\">\n\t\t\t<div class=\"elementor-column-wrap elementor-element-populated\">\n\t\t\t\t\t\t\t<div class=\"elementor-widget-wrap\">\n\t\t\t\t\t\t<div class=\"elementor-element elementor-element-0fc98e4 elementor-widget elementor-widget-text-editor\" data-id=\"0fc98e4\" data-element_type=\"widget\" data-widget_type=\"text-editor.default\">\n\t\t\t\t<div class=\"elementor-widget-container\">\n\t\t\t\t\t<div class=\"elementor-text-editor elementor-clearfix\"><p>La mission de IILPS est d\u2019offrir une\u00a0formation de\u00a0haute qualit\u00e9 dans les\u00a0langues et \u00e9tudes professionnelles aux apprenants en Afrique gr\u00e2ce a la\u00a0technologie moderne.<\/p><p>Nos objectifs sont multiples \u00e0 savoir:<\/p><ul><li>Faire des langues \u00e9trang\u00e8res utilis\u00e9es en Guin\u00e9e et dans d\u2019autres pays africains..<\/li><li>Offrir un programme ax\u00e9 sur la technologie avec l\u2019innovation actuelle.<\/li><li>Donner aux apprenants l\u2019opportunit\u00e9 de d\u00e9velopper (exploiter) et d\u2019utiliser leurs talents.<\/li><li>Permettre \u00e0 nos apprenants de profiter et de partager l\u2019exp\u00e9rience d\u2019enseignants hautement qualifi\u00e9s de niveau international..<\/li><li>Fournir des services de traduction et d\u2019interpr\u00e9tation \u00e0 nos clients.<\/li><li>Fournir une formation en classe et sur site \u00e0 nos clients.<\/li><li>Offrir une formation individuelle et personnalis\u00e9e sur la commodit\u00e9 de nos clients.<\/li><li>D\u00e9velopper un partenariat avec des entreprises et institutions de renomm\u00e9e mondiale.<\/li><li>Former des professionnels \u00e0 devenir des experts dans leurs domaines<\/li><li>Pour construire un \u00e9tat d\u2019esprit gagnant<\/li><li>Pour cr\u00e9er des programmes qui r\u00e9pondent aux besoins et aux aspirations de notre client.<\/li><li>\u00a0<\/li><\/ul><\/div>\n\t\t\t\t<\/div>\n\t\t\t\t<\/div>\n\t\t\t\t\t\t<\/div>\n\t\t\t\t\t<\/div>\n\t\t<\/div>\n\t\t\t\t<div class=\"elementor-column elementor-col-33 elementor-top-column elementor-element elementor-element-1885a1a\" data-id=\"1885a1a\" data-element_type=\"column\">\n\t\t\t<div class=\"elementor-column-wrap elementor-element-populated\">\n\t\t\t\t\t\t\t<div class=\"elementor-widget-wrap\">\n\t\t\t\t\t\t<div class=\"elementor-element elementor-element-f1470fc elementor-widget elementor-widget-image\" data-id=\"f1470fc\" data-element_type=\"widget\" data-widget_type=\"image.default\">\n\t\t\t\t<div class=\"elementor-widget-container\">\n\t\t\t\t\t<div class=\"elementor-image\">\n\t\t\t\t\t\t\t\t\t\t<img width=\"1024\" height=\"768\" src=\"https:\/\/iilps-guinea.com\/wp-content\/uploads\/2020\/06\/Staff-at-IILPS-2-1024x768.jpg\" class=\"attachment-large size-large\" alt=\"\" loading=\"lazy\" srcset=\"https:\/\/iilps-guinea.com\/wp-content\/uploads\/2020\/06\/Staff-at-IILPS-2-1024x768.jpg 1024w, https:\/\/iilps-guinea.com\/wp-content\/uploads\/2020\/06\/Staff-at-IILPS-2-300x225.jpg 300w, https:\/\/iilps-guinea.com\/wp-content\/uploads\/2020\/06\/Staff-at-IILPS-2-768x576.jpg 768w, https:\/\/iilps-guinea.com\/wp-content\/uploads\/2020\/06\/Staff-at-IILPS-2.jpg 1080w\" sizes=\"(max-width: 1024px) 100vw, 1024px\" \/>\t\t\t\t\t\t\t\t\t\t\t<\/div>\n\t\t\t\t<\/div>\n\t\t\t\t<\/div>\n\t\t\t\t\t\t<\/div>\n\t\t\t\t\t<\/div>\n\t\t<\/div>\n\t\t\t\t\t\t\t\t<\/div>\n\t\t\t\t\t<\/div>\n\t\t<\/section>\n\t\t\t\t<section class=\"elementor-section elementor-top-section elementor-element elementor-element-ca4c85b elementor-section-boxed elementor-section-height-default elementor-section-height-default\" data-id=\"ca4c85b\" data-element_type=\"section\">\n\t\t\t\t\t\t<div class=\"elementor-container elementor-column-gap-default\">\n\t\t\t\t\t\t\t<div class=\"elementor-row\">\n\t\t\t\t\t<div class=\"elementor-column elementor-col-100 elementor-top-column elementor-element elementor-element-cb788fc\" data-id=\"cb788fc\" data-element_type=\"column\">\n\t\t\t<div class=\"elementor-column-wrap elementor-element-populated\">\n\t\t\t\t\t\t\t<div class=\"elementor-widget-wrap\">\n\t\t\t\t\t\t<div class=\"elementor-element elementor-element-c253318 elementor-widget elementor-widget-heading\" data-id=\"c253318\" data-element_type=\"widget\" data-widget_type=\"heading.default\">\n\t\t\t\t<div class=\"elementor-widget-container\">\n\t\t\t<h2 class=\"elementor-heading-title elementor-size-default\">DOMAINES D'EXPERTISE<\/h2>\t\t<\/div>\n\t\t\t\t<\/div>\n\t\t\t\t<div class=\"elementor-element elementor-element-48eb5a8 elementor-invisible elementor-widget elementor-widget-progress\" data-id=\"48eb5a8\" data-element_type=\"widget\" data-settings=\"{&quot;_animation&quot;:&quot;fadeInLeft&quot;}\" data-widget_type=\"progress.default\">\n\t\t\t\t<div class=\"elementor-widget-container\">\n\t\t\t\t\t\t<span class=\"elementor-title\">Anglais g\u00e9n\u00e9ral<\/span>\n\t\t\n\t\t<div class=\"elementor-progress-wrapper\" role=\"progressbar\" aria-valuemin=\"0\" aria-valuemax=\"100\" aria-valuenow=\"78\" aria-valuetext=\"Anglais g\u00e9n\u00e9ral\">\n\t\t\t<div class=\"elementor-progress-bar\" data-max=\"78\">\n\t\t\t\t<span class=\"elementor-progress-text\">Anglais g\u00e9n\u00e9ral<\/span>\n\t\t\t\t\t\t\t\t\t<span class=\"elementor-progress-percentage\">78%<\/span>\n\t\t\t\t\t\t\t<\/div>\n\t\t<\/div>\n\t\t\t\t<\/div>\n\t\t\t\t<\/div>\n\t\t\t\t<div class=\"elementor-element elementor-element-f2758cf elementor-invisible elementor-widget elementor-widget-progress\" data-id=\"f2758cf\" data-element_type=\"widget\" data-settings=\"{&quot;_animation&quot;:&quot;fadeInLeft&quot;}\" data-widget_type=\"progress.default\">\n\t\t\t\t<div class=\"elementor-widget-container\">\n\t\t\t\t\t\t<span class=\"elementor-title\">Pr\u00e9paration aux examens<\/span>\n\t\t\n\t\t<div class=\"elementor-progress-wrapper\" role=\"progressbar\" aria-valuemin=\"0\" aria-valuemax=\"100\" aria-valuenow=\"72\" aria-valuetext=\"Pr\u00e9paration aux examens\">\n\t\t\t<div class=\"elementor-progress-bar\" data-max=\"72\">\n\t\t\t\t<span class=\"elementor-progress-text\">Pr\u00e9paration aux examens<\/span>\n\t\t\t\t\t\t\t\t\t<span class=\"elementor-progress-percentage\">72%<\/span>\n\t\t\t\t\t\t\t<\/div>\n\t\t<\/div>\n\t\t\t\t<\/div>\n\t\t\t\t<\/div>\n\t\t\t\t<div class=\"elementor-element elementor-element-a46f783 elementor-invisible elementor-widget elementor-widget-progress\" data-id=\"a46f783\" data-element_type=\"widget\" data-settings=\"{&quot;_animation&quot;:&quot;fadeInLeft&quot;}\" data-widget_type=\"progress.default\">\n\t\t\t\t<div class=\"elementor-widget-container\">\n\t\t\t\t\t\t<span class=\"elementor-title\">Etudes professionnelles<\/span>\n\t\t\n\t\t<div class=\"elementor-progress-wrapper\" role=\"progressbar\" aria-valuemin=\"0\" aria-valuemax=\"100\" aria-valuenow=\"94\" aria-valuetext=\"Etudes professionnelles\">\n\t\t\t<div class=\"elementor-progress-bar\" data-max=\"94\">\n\t\t\t\t<span class=\"elementor-progress-text\">Etudes professionnelles<\/span>\n\t\t\t\t\t\t\t\t\t<span class=\"elementor-progress-percentage\">94%<\/span>\n\t\t\t\t\t\t\t<\/div>\n\t\t<\/div>\n\t\t\t\t<\/div>\n\t\t\t\t<\/div>\n\t\t\t\t<div class=\"elementor-element elementor-element-e33fdb6 elementor-invisible elementor-widget elementor-widget-progress\" data-id=\"e33fdb6\" data-element_type=\"widget\" data-settings=\"{&quot;_animation&quot;:&quot;fadeInLeft&quot;}\" data-widget_type=\"progress.default\">\n\t\t\t\t<div class=\"elementor-widget-container\">\n\t\t\t\t\t\t<span class=\"elementor-title\">Appprentissage moderne<\/span>\n\t\t\n\t\t<div class=\"elementor-progress-wrapper\" role=\"progressbar\" aria-valuemin=\"0\" aria-valuemax=\"100\" aria-valuenow=\"85\" aria-valuetext=\"Appprentissage moderne\">\n\t\t\t<div class=\"elementor-progress-bar\" data-max=\"85\">\n\t\t\t\t<span class=\"elementor-progress-text\">Appprentissage moderne<\/span>\n\t\t\t\t\t\t\t\t\t<span class=\"elementor-progress-percentage\">85%<\/span>\n\t\t\t\t\t\t\t<\/div>\n\t\t<\/div>\n\t\t\t\t<\/div>\n\t\t\t\t<\/div>\n\t\t\t\t\t\t<\/div>\n\t\t\t\t\t<\/div>\n\t\t<\/div>\n\t\t\t\t\t\t\t\t<\/div>\n\t\t\t\t\t<\/div>\n\t\t<\/section>\n\t\t\t\t<section class=\"elementor-section elementor-top-section elementor-element elementor-element-4ba6f60 elementor-section-content-middle elementor-section-boxed elementor-section-height-default elementor-section-height-default\" data-id=\"4ba6f60\" data-element_type=\"section\">\n\t\t\t\t\t\t<div class=\"elementor-container elementor-column-gap-no\">\n\t\t\t\t\t\t\t<div class=\"elementor-row\">\n\t\t\t\t\t<div class=\"elementor-column elementor-col-50 elementor-top-column elementor-element elementor-element-f881183\" data-id=\"f881183\" data-element_type=\"column\">\n\t\t\t<div class=\"elementor-column-wrap elementor-element-populated\">\n\t\t\t\t\t\t\t<div class=\"elementor-widget-wrap\">\n\t\t\t\t\t\t<section class=\"elementor-section elementor-inner-section elementor-element elementor-element-3867651 elementor-section-content-middle elementor-section-boxed elementor-section-height-default elementor-section-height-default\" data-id=\"3867651\" data-element_type=\"section\">\n\t\t\t\t\t\t<div class=\"elementor-container elementor-column-gap-no\">\n\t\t\t\t\t\t\t<div class=\"elementor-row\">\n\t\t\t\t\t<div class=\"elementor-column elementor-col-50 elementor-inner-column elementor-element elementor-element-d667d62\" data-id=\"d667d62\" data-element_type=\"column\">\n\t\t\t<div class=\"elementor-column-wrap elementor-element-populated\">\n\t\t\t\t\t\t\t<div class=\"elementor-widget-wrap\">\n\t\t\t\t\t\t<div class=\"elementor-element elementor-element-bb2164a elementor-widget elementor-widget-image\" data-id=\"bb2164a\" data-element_type=\"widget\" data-widget_type=\"image.default\">\n\t\t\t\t<div class=\"elementor-widget-container\">\n\t\t\t\t\t<div class=\"elementor-image\">\n\t\t\t\t\t\t\t\t\t\t<img width=\"161\" height=\"195\" src=\"https:\/\/iilps-guinea.com\/wp-content\/uploads\/2020\/06\/members1.png\" class=\"attachment-full size-full\" alt=\"\" loading=\"lazy\" \/>\t\t\t\t\t\t\t\t\t\t\t<\/div>\n\t\t\t\t<\/div>\n\t\t\t\t<\/div>\n\t\t\t\t\t\t<\/div>\n\t\t\t\t\t<\/div>\n\t\t<\/div>\n\t\t\t\t<div class=\"elementor-column elementor-col-50 elementor-inner-column elementor-element elementor-element-903d01f\" data-id=\"903d01f\" data-element_type=\"column\">\n\t\t\t<div class=\"elementor-column-wrap elementor-element-populated\">\n\t\t\t\t\t\t\t<div class=\"elementor-widget-wrap\">\n\t\t\t\t\t\t<div class=\"elementor-element elementor-element-b39fcb3 elementor-widget elementor-widget-image\" data-id=\"b39fcb3\" data-element_type=\"widget\" data-widget_type=\"image.default\">\n\t\t\t\t<div class=\"elementor-widget-container\">\n\t\t\t\t\t<div class=\"elementor-image\">\n\t\t\t\t\t\t\t\t\t\t<img width=\"161\" height=\"195\" src=\"https:\/\/iilps-guinea.com\/wp-content\/uploads\/2020\/06\/members-2.png\" class=\"attachment-full size-full\" alt=\"\" loading=\"lazy\" \/>\t\t\t\t\t\t\t\t\t\t\t<\/div>\n\t\t\t\t<\/div>\n\t\t\t\t<\/div>\n\t\t\t\t\t\t<\/div>\n\t\t\t\t\t<\/div>\n\t\t<\/div>\n\t\t\t\t\t\t\t\t<\/div>\n\t\t\t\t\t<\/div>\n\t\t<\/section>\n\t\t\t\t<section class=\"elementor-section elementor-inner-section elementor-element elementor-element-d911d1f elementor-section-content-middle elementor-section-boxed elementor-section-height-default elementor-section-height-default\" data-id=\"d911d1f\" data-element_type=\"section\">\n\t\t\t\t\t\t<div class=\"elementor-container elementor-column-gap-no\">\n\t\t\t\t\t\t\t<div class=\"elementor-row\">\n\t\t\t\t\t<div class=\"elementor-column elementor-col-33 elementor-inner-column elementor-element elementor-element-8d5489c\" data-id=\"8d5489c\" data-element_type=\"column\">\n\t\t\t<div class=\"elementor-column-wrap elementor-element-populated\">\n\t\t\t\t\t\t\t<div class=\"elementor-widget-wrap\">\n\t\t\t\t\t\t<div class=\"elementor-element elementor-element-ee00817 elementor-widget elementor-widget-image\" data-id=\"ee00817\" data-element_type=\"widget\" data-widget_type=\"image.default\">\n\t\t\t\t<div class=\"elementor-widget-container\">\n\t\t\t\t\t<div class=\"elementor-image\">\n\t\t\t\t\t\t\t\t\t\t<img width=\"161\" height=\"195\" src=\"https:\/\/iilps-guinea.com\/wp-content\/uploads\/2020\/06\/members-4.png\" class=\"attachment-full size-full\" alt=\"\" loading=\"lazy\" \/>\t\t\t\t\t\t\t\t\t\t\t<\/div>\n\t\t\t\t<\/div>\n\t\t\t\t<\/div>\n\t\t\t\t\t\t<\/div>\n\t\t\t\t\t<\/div>\n\t\t<\/div>\n\t\t\t\t<div class=\"elementor-column elementor-col-33 elementor-inner-column elementor-element elementor-element-2f97f69\" data-id=\"2f97f69\" data-element_type=\"column\">\n\t\t\t<div class=\"elementor-column-wrap elementor-element-populated\">\n\t\t\t\t\t\t\t<div class=\"elementor-widget-wrap\">\n\t\t\t\t\t\t<div class=\"elementor-element elementor-element-ecb49e5 elementor-widget elementor-widget-image\" data-id=\"ecb49e5\" data-element_type=\"widget\" data-widget_type=\"image.default\">\n\t\t\t\t<div class=\"elementor-widget-container\">\n\t\t\t\t\t<div class=\"elementor-image\">\n\t\t\t\t\t\t\t\t\t\t<img width=\"161\" height=\"195\" src=\"https:\/\/iilps-guinea.com\/wp-content\/uploads\/2020\/06\/members-5.png\" class=\"attachment-full size-full\" alt=\"\" loading=\"lazy\" \/>\t\t\t\t\t\t\t\t\t\t\t<\/div>\n\t\t\t\t<\/div>\n\t\t\t\t<\/div>\n\t\t\t\t\t\t<\/div>\n\t\t\t\t\t<\/div>\n\t\t<\/div>\n\t\t\t\t<div class=\"elementor-column elementor-col-33 elementor-inner-column elementor-element elementor-element-dd10463\" data-id=\"dd10463\" data-element_type=\"column\">\n\t\t\t<div class=\"elementor-column-wrap elementor-element-populated\">\n\t\t\t\t\t\t\t<div class=\"elementor-widget-wrap\">\n\t\t\t\t\t\t<div class=\"elementor-element elementor-element-624eaea elementor-widget elementor-widget-image\" data-id=\"624eaea\" data-element_type=\"widget\" data-widget_type=\"image.default\">\n\t\t\t\t<div class=\"elementor-widget-container\">\n\t\t\t\t\t<div class=\"elementor-image\">\n\t\t\t\t\t\t\t\t\t\t<img width=\"161\" height=\"195\" src=\"https:\/\/iilps-guinea.com\/wp-content\/uploads\/2020\/06\/members-3.png\" class=\"attachment-full size-full\" alt=\"\" loading=\"lazy\" \/>\t\t\t\t\t\t\t\t\t\t\t<\/div>\n\t\t\t\t<\/div>\n\t\t\t\t<\/div>\n\t\t\t\t\t\t<\/div>\n\t\t\t\t\t<\/div>\n\t\t<\/div>\n\t\t\t\t\t\t\t\t<\/div>\n\t\t\t\t\t<\/div>\n\t\t<\/section>\n\t\t\t\t\t\t<\/div>\n\t\t\t\t\t<\/div>\n\t\t<\/div>\n\t\t\t\t<div class=\"elementor-column elementor-col-50 elementor-top-column elementor-element elementor-element-f4be489\" data-id=\"f4be489\" data-element_type=\"column\">\n\t\t\t<div class=\"elementor-column-wrap elementor-element-populated\">\n\t\t\t\t\t\t\t<div class=\"elementor-widget-wrap\">\n\t\t\t\t\t\t<div class=\"elementor-element elementor-element-c70ea8a elementor-widget elementor-widget-text-editor\" data-id=\"c70ea8a\" data-element_type=\"widget\" data-widget_type=\"text-editor.default\">\n\t\t\t\t<div class=\"elementor-widget-container\">\n\t\t\t\t\t<div class=\"elementor-text-editor elementor-clearfix\"><p>&lt;&lt; Pour chaque langue que l\u2019on parle, on vit une nouvelle vie. Celui qui ne connait qu\u2019une seule langue ne vit qu\u2019une seule fois..&gt;&gt;\u00a0 Proverbe th\u00e8que.<\/p><\/div>\n\t\t\t\t<\/div>\n\t\t\t\t<\/div>\n\t\t\t\t<div class=\"elementor-element elementor-element-d18da1c elementor-widget elementor-widget-heading\" data-id=\"d18da1c\" data-element_type=\"widget\" data-widget_type=\"heading.default\">\n\t\t\t\t<div class=\"elementor-widget-container\">\n\t\t\t<h3 class=\"elementor-heading-title elementor-size-default\">Staff <br>administratif<\/h3>\t\t<\/div>\n\t\t\t\t<\/div>\n\t\t\t\t<div class=\"elementor-element elementor-element-47ec991 elementor-widget-divider--view-line elementor-widget elementor-widget-divider\" data-id=\"47ec991\" data-element_type=\"widget\" data-widget_type=\"divider.default\">\n\t\t\t\t<div class=\"elementor-widget-container\">\n\t\t\t\t\t<div class=\"elementor-divider\">\n\t\t\t<span class=\"elementor-divider-separator\">\n\t\t\t\t\t\t<\/span>\n\t\t<\/div>\n\t\t\t\t<\/div>\n\t\t\t\t<\/div>\n\t\t\t\t\t\t<\/div>\n\t\t\t\t\t<\/div>\n\t\t<\/div>\n\t\t\t\t\t\t\t\t<\/div>\n\t\t\t\t\t<\/div>\n\t\t<\/section>\n\t\t\t\t\t\t<\/div>\n\t\t\t\t\t\t<\/div>\n\t\t\t\t\t<\/div>\n\t\t","protected":false},"excerpt":{"rendered":"<p>MISSION ET OBJECTIFS La mission de IILPS est d\u2019offrir une\u00a0formation de\u00a0haute qualit\u00e9 dans les\u00a0langues et \u00e9tudes professionnelles aux apprenants en Afrique gr\u00e2ce a la\u00a0technologie moderne. Nos objectifs sont multiples \u00e0 savoir: Faire des langues \u00e9trang\u00e8res utilis\u00e9es en Guin\u00e9e et dans d\u2019autres pays africains.. Offrir un programme ax\u00e9 sur la technologie avec l\u2019innovation actuelle. Donner aux&hellip; <br \/> <a class=\"read-more\" href=\"https:\/\/iilps-guinea.com\/?page_id=297&#038;lang=fr\">Read more<\/a><\/p>\n","protected":false},"author":1,"featured_media":0,"parent":0,"menu_order":0,"comment_status":"closed","ping_status":"closed","template":"","meta":{"spay_email":""},"yoast_head":"<!-- This site is optimized with the Yoast SEO plugin v15.4 - https:\/\/yoast.com\/wordpress\/plugins\/seo\/ -->\n<title>Qui sommes-nous - IILPS<\/title>\n<meta name=\"robots\" content=\"index, follow, max-snippet:-1, max-image-preview:large, max-video-preview:-1\" \/>\n<link rel=\"canonical\" href=\"https:\/\/iilps-guinea.com\/?page_id=297&#038;lang=fr\" \/>\n<meta property=\"og:locale\" content=\"en_US\" \/>\n<meta property=\"og:type\" content=\"article\" \/>\n<meta property=\"og:title\" content=\"Qui sommes-nous - IILPS\" \/>\n<meta property=\"og:description\" content=\"MISSION ET OBJECTIFS La mission de IILPS est d\u2019offrir une\u00a0formation de\u00a0haute qualit\u00e9 dans les\u00a0langues et \u00e9tudes professionnelles aux apprenants en Afrique gr\u00e2ce a la\u00a0technologie moderne. Nos objectifs sont multiples \u00e0 savoir: Faire des langues \u00e9trang\u00e8res utilis\u00e9es en Guin\u00e9e et dans d\u2019autres pays africains.. Offrir un programme ax\u00e9 sur la technologie avec l\u2019innovation actuelle. Donner aux&hellip; Read more\" \/>\n<meta property=\"og:url\" content=\"https:\/\/iilps-guinea.com\/?page_id=297&amp;lang=fr\" \/>\n<meta property=\"og:site_name\" content=\"IILPS\" \/>\n<meta property=\"article:modified_time\" content=\"2020-07-06T02:37:26+00:00\" \/>\n<meta property=\"og:image\" content=\"https:\/\/iilps-guinea.com\/wp-content\/uploads\/2020\/06\/Staff-at-IILPS-2-1024x768.jpg\" \/>\n<meta name=\"twitter:card\" content=\"summary_large_image\" \/>\n<meta name=\"twitter:label1\" content=\"Written by\">\n\t<meta name=\"twitter:data1\" content=\"Dev\">\n\t<meta name=\"twitter:label2\" content=\"Est. reading time\">\n\t<meta name=\"twitter:data2\" content=\"1 minute\">\n<script type=\"application\/ld+json\" class=\"yoast-schema-graph\">{\"@context\":\"https:\/\/schema.org\",\"@graph\":[{\"@type\":\"WebSite\",\"@id\":\"https:\/\/iilps-guinea.com\/#website\",\"url\":\"https:\/\/iilps-guinea.com\/\",\"name\":\"IILPS\",\"description\":\"Learning to day... Leading tomorrow\",\"potentialAction\":[{\"@type\":\"SearchAction\",\"target\":\"https:\/\/iilps-guinea.com\/?s={search_term_string}\",\"query-input\":\"required name=search_term_string\"}],\"inLanguage\":\"en-US\"},{\"@type\":\"ImageObject\",\"@id\":\"https:\/\/iilps-guinea.com\/?page_id=297&lang=fr#primaryimage\",\"inLanguage\":\"en-US\",\"url\":\"https:\/\/iilps-guinea.com\/wp-content\/uploads\/2020\/06\/Staff-at-IILPS-2.jpg\",\"width\":1080,\"height\":810},{\"@type\":\"WebPage\",\"@id\":\"https:\/\/iilps-guinea.com\/?page_id=297&lang=fr#webpage\",\"url\":\"https:\/\/iilps-guinea.com\/?page_id=297&lang=fr\",\"name\":\"Qui sommes-nous - IILPS\",\"isPartOf\":{\"@id\":\"https:\/\/iilps-guinea.com\/#website\"},\"primaryImageOfPage\":{\"@id\":\"https:\/\/iilps-guinea.com\/?page_id=297&lang=fr#primaryimage\"},\"datePublished\":\"2020-07-01T08:08:26+00:00\",\"dateModified\":\"2020-07-06T02:37:26+00:00\",\"inLanguage\":\"en-US\",\"potentialAction\":[{\"@type\":\"ReadAction\",\"target\":[\"https:\/\/iilps-guinea.com\/?page_id=297&lang=fr\"]}]}]}<\/script>\n<!-- \/ Yoast SEO plugin. -->","_links":{"self":[{"href":"https:\/\/iilps-guinea.com\/index.php?rest_route=\/wp\/v2\/pages\/297"}],"collection":[{"href":"https:\/\/iilps-guinea.com\/index.php?rest_route=\/wp\/v2\/pages"}],"about":[{"href":"https:\/\/iilps-guinea.com\/index.php?rest_route=\/wp\/v2\/types\/page"}],"author":[{"embeddable":true,"href":"https:\/\/iilps-guinea.com\/index.php?rest_route=\/wp\/v2\/users\/1"}],"replies":[{"embeddable":true,"href":"https:\/\/iilps-guinea.com\/index.php?rest_route=%2Fwp%2Fv2%2Fcomments&post=297"}],"version-history":[{"count":3,"href":"https:\/\/iilps-guinea.com\/index.php?rest_route=\/wp\/v2\/pages\/297\/revisions"}],"predecessor-version":[{"id":478,"href":"https:\/\/iilps-guinea.com\/index.php?rest_route=\/wp\/v2\/pages\/297\/revisions\/478"}],"wp:attachment":[{"href":"https:\/\/iilps-guinea.com\/index.php?rest_route=%2Fwp%2Fv2%2Fmedia&parent=297"}],"curies":[{"name":"wp","href":"https:\/\/api.w.org\/{rel}","templated":true}]}}