{"id":294,"date":"2020-07-01T08:04:20","date_gmt":"2020-07-01T08:04:20","guid":{"rendered":"http:\/\/localhost\/centre_web_site\/?page_id=294"},"modified":"2020-07-01T08:07:22","modified_gmt":"2020-07-01T08:07:22","slug":"mot-de-bienvenu","status":"publish","type":"page","link":"https:\/\/iilps-guinea.com\/?page_id=294&lang=fr","title":{"rendered":"Mot de bienvenu"},"content":{"rendered":"\t\t<div data-elementor-type=\"wp-page\" data-elementor-id=\"294\" class=\"elementor elementor-294\" data-elementor-settings=\"[]\">\n\t\t\t\t\t\t<div class=\"elementor-inner\">\n\t\t\t\t\t\t\t<div class=\"elementor-section-wrap\">\n\t\t\t\t\t\t\t<section class=\"elementor-section elementor-top-section elementor-element elementor-element-ee5c403 elementor-section-boxed elementor-section-height-default elementor-section-height-default\" data-id=\"ee5c403\" data-element_type=\"section\">\n\t\t\t\t\t\t<div class=\"elementor-container elementor-column-gap-default\">\n\t\t\t\t\t\t\t<div class=\"elementor-row\">\n\t\t\t\t\t<div class=\"elementor-column elementor-col-100 elementor-top-column elementor-element elementor-element-89e0f12\" data-id=\"89e0f12\" data-element_type=\"column\">\n\t\t\t<div class=\"elementor-column-wrap elementor-element-populated\">\n\t\t\t\t\t\t\t<div class=\"elementor-widget-wrap\">\n\t\t\t\t\t\t<div class=\"elementor-element elementor-element-e81da71 elementor-widget elementor-widget-heading\" data-id=\"e81da71\" data-element_type=\"widget\" data-widget_type=\"heading.default\">\n\t\t\t\t<div class=\"elementor-widget-container\">\n\t\t\t<h2 class=\"elementor-heading-title elementor-size-default\">MOT DE BIENVENU<\/h2>\t\t<\/div>\n\t\t\t\t<\/div>\n\t\t\t\t\t\t<\/div>\n\t\t\t\t\t<\/div>\n\t\t<\/div>\n\t\t\t\t\t\t\t\t<\/div>\n\t\t\t\t\t<\/div>\n\t\t<\/section>\n\t\t\t\t<section class=\"elementor-section elementor-top-section elementor-element elementor-element-44d81a4 elementor-section-boxed elementor-section-height-default elementor-section-height-default\" data-id=\"44d81a4\" data-element_type=\"section\">\n\t\t\t\t\t\t<div class=\"elementor-container elementor-column-gap-default\">\n\t\t\t\t\t\t\t<div class=\"elementor-row\">\n\t\t\t\t\t<div class=\"elementor-column elementor-col-66 elementor-top-column elementor-element elementor-element-e006789\" data-id=\"e006789\" data-element_type=\"column\">\n\t\t\t<div class=\"elementor-column-wrap elementor-element-populated\">\n\t\t\t\t\t\t\t<div class=\"elementor-widget-wrap\">\n\t\t\t\t\t\t<div class=\"elementor-element elementor-element-56a8518 elementor-widget elementor-widget-text-editor\" data-id=\"56a8518\" data-element_type=\"widget\" data-widget_type=\"text-editor.default\">\n\t\t\t\t<div class=\"elementor-widget-container\">\n\t\t\t\t\t<div class=\"elementor-text-editor elementor-clearfix\"><p>Message du directeur ex\u00e9cutif.<\/p><p>e suis ravi de vous accueillir sur le site de l\u2019Institut international des langues et des \u00e9tudes professionnelles. J\u2019esp\u00e8re transmettre la passion et l\u2019enthousiasme que partagent le personnel et les apprenants qui font de l\u2019Institut international des langues et des \u00e9tudes professionnelles un endroit merveilleux pour apprendre.<\/p><p>L\u2019IILPS repr\u00e9sente une nouvelle g\u00e9n\u00e9ration d\u2019\u00e9coles internationales et de programmes de formation linguistique, ouvertes aux apprenants guin\u00e9ens et \u00e9trangers. Construit sur la base de l\u2019excellence en \u00e9ducation.<\/p><p>IILPS est un institut d\u2019\u00e9tudes linguistiques et professionnelles bas\u00e9 en Guin\u00e9e Conakry et a l\u2019intention d\u2019ouvrir ses portes dans d\u2019autres pays d\u2019Afrique de l\u2019Ouest et du Centre. IILPS est sp\u00e9cialis\u00e9 dans l\u2019enseignement des langues modernes comme; Langue anglaise, fran\u00e7ais et chinois mandarin Pinyin. Nous offrons \u00e9galement une formation professionnelle dans des domaines tels que; D\u00e9coration et planification d\u2019\u00e9v\u00e9nements, Soudage, Carrelage, Plomberie, secr\u00e9tariat bilingue, Mode et design, Tapisserie, Menuiserie, Informatique, Design graphique, Cr\u00e9ation de site Web, D\u00e9veloppement d\u2019applications,, traduction, assistante de direction, etc.<\/p><p>Avec notre laboratoire de langues modernes et des professeurs qualifi\u00e9s, il est possible pour les apprenants de participer \u00e0 distance aux cours. Profitez de cette occasion en or pour acqu\u00e9rir les comp\u00e9tences linguistiques dont vous avez besoin pour stimuler votre carri\u00e8re ou vos \u00e9tudes professionnelles au niveau suivant.<\/p><p>Je vous invite chaleureusement \u00e0 venir visiter l\u2019exp\u00e9rience de l\u2019institution par vous-m\u00eame, pour voir tout ce que l\u2019Institut international des langues et des \u00e9tudes professionnelles a \u00e0 offrir.<\/p><\/div>\n\t\t\t\t<\/div>\n\t\t\t\t<\/div>\n\t\t\t\t\t\t<\/div>\n\t\t\t\t\t<\/div>\n\t\t<\/div>\n\t\t\t\t<div class=\"elementor-column elementor-col-33 elementor-top-column elementor-element elementor-element-703e71a\" data-id=\"703e71a\" data-element_type=\"column\">\n\t\t\t<div class=\"elementor-column-wrap elementor-element-populated\">\n\t\t\t\t\t\t\t<div class=\"elementor-widget-wrap\">\n\t\t\t\t\t\t<div class=\"elementor-element elementor-element-0122f64 elementor-widget elementor-widget-image\" data-id=\"0122f64\" data-element_type=\"widget\" data-widget_type=\"image.default\">\n\t\t\t\t<div class=\"elementor-widget-container\">\n\t\t\t\t\t<div class=\"elementor-image\">\n\t\t\t\t\t\t\t\t\t\t<img width=\"542\" height=\"360\" src=\"https:\/\/iilps-guinea.com\/wp-content\/uploads\/2020\/06\/cropped-Minister-of-Employment-and-vocational-training-at-the-inauguration-of-IILPS.jpg\" class=\"attachment-large size-large\" alt=\"\" loading=\"lazy\" srcset=\"https:\/\/iilps-guinea.com\/wp-content\/uploads\/2020\/06\/cropped-Minister-of-Employment-and-vocational-training-at-the-inauguration-of-IILPS.jpg 542w, https:\/\/iilps-guinea.com\/wp-content\/uploads\/2020\/06\/cropped-Minister-of-Employment-and-vocational-training-at-the-inauguration-of-IILPS-300x199.jpg 300w\" sizes=\"(max-width: 542px) 100vw, 542px\" \/>\t\t\t\t\t\t\t\t\t\t\t<\/div>\n\t\t\t\t<\/div>\n\t\t\t\t<\/div>\n\t\t\t\t\t\t<\/div>\n\t\t\t\t\t<\/div>\n\t\t<\/div>\n\t\t\t\t\t\t\t\t<\/div>\n\t\t\t\t\t<\/div>\n\t\t<\/section>\n\t\t\t\t\t\t<\/div>\n\t\t\t\t\t\t<\/div>\n\t\t\t\t\t<\/div>\n\t\t","protected":false},"excerpt":{"rendered":"<p>MOT DE BIENVENU Message du directeur ex\u00e9cutif. e suis ravi de vous accueillir sur le site de l\u2019Institut international des langues et des \u00e9tudes professionnelles. J\u2019esp\u00e8re transmettre la passion et l\u2019enthousiasme que partagent le personnel et les apprenants qui font de l\u2019Institut international des langues et des \u00e9tudes professionnelles un endroit merveilleux pour apprendre. L\u2019IILPS&hellip; <br \/> <a class=\"read-more\" href=\"https:\/\/iilps-guinea.com\/?page_id=294&#038;lang=fr\">Read more<\/a><\/p>\n","protected":false},"author":1,"featured_media":0,"parent":0,"menu_order":0,"comment_status":"closed","ping_status":"closed","template":"","meta":{"spay_email":""},"yoast_head":"<!-- This site is optimized with the Yoast SEO plugin v15.4 - https:\/\/yoast.com\/wordpress\/plugins\/seo\/ -->\n<title>Mot de bienvenu - IILPS<\/title>\n<meta name=\"robots\" content=\"index, follow, max-snippet:-1, max-image-preview:large, max-video-preview:-1\" \/>\n<link rel=\"canonical\" href=\"https:\/\/iilps-guinea.com\/?page_id=294&#038;lang=fr\" \/>\n<meta property=\"og:locale\" content=\"en_US\" \/>\n<meta property=\"og:type\" content=\"article\" \/>\n<meta property=\"og:title\" content=\"Mot de bienvenu - IILPS\" \/>\n<meta property=\"og:description\" content=\"MOT DE BIENVENU Message du directeur ex\u00e9cutif. e suis ravi de vous accueillir sur le site de l\u2019Institut international des langues et des \u00e9tudes professionnelles. J\u2019esp\u00e8re transmettre la passion et l\u2019enthousiasme que partagent le personnel et les apprenants qui font de l\u2019Institut international des langues et des \u00e9tudes professionnelles un endroit merveilleux pour apprendre. L\u2019IILPS&hellip; Read more\" \/>\n<meta property=\"og:url\" content=\"https:\/\/iilps-guinea.com\/?page_id=294&amp;lang=fr\" \/>\n<meta property=\"og:site_name\" content=\"IILPS\" \/>\n<meta property=\"article:modified_time\" content=\"2020-07-01T08:07:22+00:00\" \/>\n<meta property=\"og:image\" content=\"http:\/\/localhost\/centre_web_site\/wp-content\/uploads\/2020\/06\/cropped-Minister-of-Employment-and-vocational-training-at-the-inauguration-of-IILPS.jpg\" \/>\n<meta name=\"twitter:card\" content=\"summary_large_image\" \/>\n<meta name=\"twitter:label1\" content=\"Written by\">\n\t<meta name=\"twitter:data1\" content=\"Dev\">\n\t<meta name=\"twitter:label2\" content=\"Est. reading time\">\n\t<meta name=\"twitter:data2\" content=\"1 minute\">\n<script type=\"application\/ld+json\" class=\"yoast-schema-graph\">{\"@context\":\"https:\/\/schema.org\",\"@graph\":[{\"@type\":\"WebSite\",\"@id\":\"https:\/\/iilps-guinea.com\/#website\",\"url\":\"https:\/\/iilps-guinea.com\/\",\"name\":\"IILPS\",\"description\":\"Learning to day... Leading tomorrow\",\"potentialAction\":[{\"@type\":\"SearchAction\",\"target\":\"https:\/\/iilps-guinea.com\/?s={search_term_string}\",\"query-input\":\"required name=search_term_string\"}],\"inLanguage\":\"en-US\"},{\"@type\":\"ImageObject\",\"@id\":\"https:\/\/iilps-guinea.com\/?page_id=294&lang=fr#primaryimage\",\"inLanguage\":\"en-US\",\"url\":\"http:\/\/localhost\/centre_web_site\/wp-content\/uploads\/2020\/06\/cropped-Minister-of-Employment-and-vocational-training-at-the-inauguration-of-IILPS.jpg\"},{\"@type\":\"WebPage\",\"@id\":\"https:\/\/iilps-guinea.com\/?page_id=294&lang=fr#webpage\",\"url\":\"https:\/\/iilps-guinea.com\/?page_id=294&lang=fr\",\"name\":\"Mot de bienvenu - IILPS\",\"isPartOf\":{\"@id\":\"https:\/\/iilps-guinea.com\/#website\"},\"primaryImageOfPage\":{\"@id\":\"https:\/\/iilps-guinea.com\/?page_id=294&lang=fr#primaryimage\"},\"datePublished\":\"2020-07-01T08:04:20+00:00\",\"dateModified\":\"2020-07-01T08:07:22+00:00\",\"inLanguage\":\"en-US\",\"potentialAction\":[{\"@type\":\"ReadAction\",\"target\":[\"https:\/\/iilps-guinea.com\/?page_id=294&lang=fr\"]}]}]}<\/script>\n<!-- \/ Yoast SEO plugin. -->","_links":{"self":[{"href":"https:\/\/iilps-guinea.com\/index.php?rest_route=\/wp\/v2\/pages\/294"}],"collection":[{"href":"https:\/\/iilps-guinea.com\/index.php?rest_route=\/wp\/v2\/pages"}],"about":[{"href":"https:\/\/iilps-guinea.com\/index.php?rest_route=\/wp\/v2\/types\/page"}],"author":[{"embeddable":true,"href":"https:\/\/iilps-guinea.com\/index.php?rest_route=\/wp\/v2\/users\/1"}],"replies":[{"embeddable":true,"href":"https:\/\/iilps-guinea.com\/index.php?rest_route=%2Fwp%2Fv2%2Fcomments&post=294"}],"version-history":[{"count":2,"href":"https:\/\/iilps-guinea.com\/index.php?rest_route=\/wp\/v2\/pages\/294\/revisions"}],"predecessor-version":[{"id":296,"href":"https:\/\/iilps-guinea.com\/index.php?rest_route=\/wp\/v2\/pages\/294\/revisions\/296"}],"wp:attachment":[{"href":"https:\/\/iilps-guinea.com\/index.php?rest_route=%2Fwp%2Fv2%2Fmedia&parent=294"}],"curies":[{"name":"wp","href":"https:\/\/api.w.org\/{rel}","templated":true}]}}